{"id":1595,"date":"2024-05-20T16:26:49","date_gmt":"2024-05-20T16:26:49","guid":{"rendered":"https:\/\/masterplus.global\/strona-glowna\/"},"modified":"2024-11-26T13:22:13","modified_gmt":"2024-11-26T13:22:13","slug":"sample-page","status":"publish","type":"page","link":"https:\/\/masterplus.global\/pl\/","title":{"rendered":"Strona g\u0142\u00f3wna"},"content":{"rendered":"&#13;\n<p>To jest przyk\u0142adowa strona. R\u00f3\u017cni si\u0119 on od wpisu na blogu, poniewa\u017c pozostanie w jednym miejscu i b\u0119dzie widoczny w nawigacji witryny (w wi\u0119kszo\u015bci motyw\u00f3w). Wi\u0119kszo\u015b\u0107 os\u00f3b zaczyna od strony Informacje, kt\u00f3ra przedstawia ich potencjalnym odwiedzaj\u0105cym witryn\u0119. Mo\u017ce to wygl\u0105da\u0107 mniej wi\u0119cej tak:<\/p>&#13;\n&#13;\n<blockquote class=\"wp-block-quote is-layout-flow wp-block-quote-is-layout-flow\">&#13;\n<p>Nie tam! Jestem kurierem rowerowym w dzie\u0144, aspiruj\u0105cym aktorem w nocy, a to jest moja strona internetowa. Mieszkam w Los Angeles, mam wspania\u0142ego psa o imieniu Jack i lubi\u0119 pi\u00f1a colad\u0119. (I da\u0107 si\u0119 z\u0142apa\u0107 w deszczu).<\/p>&#13;\n<\/blockquote>&#13;\n&#13;\n<p>&#8230;lub co\u015b w tym stylu:<\/p>&#13;\n&#13;\n<blockquote class=\"wp-block-quote is-layout-flow wp-block-quote-is-layout-flow\">&#13;\n<p>Firma XYZ Doohickey Company zosta\u0142a za\u0142o\u017cona w 1971 roku i od tego czasu dostarcza wysokiej jako\u015bci gad\u017cety reklamowe. Zlokalizowana w Gotham City firma XYZ zatrudnia ponad 2000 os\u00f3b i robi wiele niesamowitych rzeczy dla spo\u0142eczno\u015bci Gotham.<\/p>&#13;\n<\/blockquote>&#13;\n&#13;\n<p>Jako nowy u\u017cytkownik WordPressa powiniene\u015b przej\u015b\u0107 do <a href=\"https:\/\/masterplus.global\/wp-admin\/\">pulpitu nawigacyjnego<\/a>, aby usun\u0105\u0107 t\u0119 stron\u0119 i utworzy\u0107 nowe strony dla swoich tre\u015bci. Mi\u0142ej zabawy!<\/p>&#13;\n","protected":false},"excerpt":{"rendered":"<p>&#13; To jest przyk\u0142adowa strona. R\u00f3\u017cni si\u0119 on od wpisu na blogu, poniewa\u017c pozostanie w jednym miejscu i b\u0119dzie widoczny w nawigacji witryny (w wi\u0119kszo\u015bci motyw\u00f3w). Wi\u0119kszo\u015b\u0107 os\u00f3b zaczyna od strony Informacje, kt\u00f3ra przedstawia ich potencjalnym odwiedzaj\u0105cym witryn\u0119. Mo\u017ce to wygl\u0105da\u0107 mniej wi\u0119cej tak: &#13; &#13; &#13; Nie tam! Jestem kurierem rowerowym w dzie\u0144, aspiruj\u0105cym [&hellip;]<\/p>\n","protected":false},"author":1,"featured_media":0,"parent":0,"menu_order":0,"comment_status":"closed","ping_status":"open","template":"","meta":{"footnotes":""},"class_list":["post-1595","page","type-page","status-publish","hentry"],"acf":[],"_links":{"self":[{"href":"https:\/\/masterplus.global\/pl\/wp-json\/wp\/v2\/pages\/1595","targetHints":{"allow":["GET"]}}],"collection":[{"href":"https:\/\/masterplus.global\/pl\/wp-json\/wp\/v2\/pages"}],"about":[{"href":"https:\/\/masterplus.global\/pl\/wp-json\/wp\/v2\/types\/page"}],"author":[{"embeddable":true,"href":"https:\/\/masterplus.global\/pl\/wp-json\/wp\/v2\/users\/1"}],"replies":[{"embeddable":true,"href":"https:\/\/masterplus.global\/pl\/wp-json\/wp\/v2\/comments?post=1595"}],"version-history":[{"count":7,"href":"https:\/\/masterplus.global\/pl\/wp-json\/wp\/v2\/pages\/1595\/revisions"}],"predecessor-version":[{"id":2305,"href":"https:\/\/masterplus.global\/pl\/wp-json\/wp\/v2\/pages\/1595\/revisions\/2305"}],"wp:attachment":[{"href":"https:\/\/masterplus.global\/pl\/wp-json\/wp\/v2\/media?parent=1595"}],"curies":[{"name":"wp","href":"https:\/\/api.w.org\/{rel}","templated":true}]}}